{"id":153,"date":"2021-01-30T12:13:12","date_gmt":"2021-01-30T11:13:12","guid":{"rendered":"http:\/\/www.skiteamtwente.nl\/?page_id=153"},"modified":"2021-02-01T20:54:17","modified_gmt":"2021-02-01T19:54:17","slug":"home","status":"publish","type":"page","link":"https:\/\/www.skiteamtwente.nl\/","title":{"rendered":"Home"},"content":{"rendered":"\n<h3 class=\"wp-block-heading\">Skiteam Twente<\/h3>\n\n\n\n<h5 class=\"wp-block-heading\">Is ski\u00ebn je passie, en wil je meer uitdaging?<\/h5>\n\n\n\n<h5 class=\"wp-block-heading\">Ontdek of wedstrijdski\u00ebn iets voor jou is!<\/h5>\n\n\n\n<p>Skiteam Twente is een vereniging met enthousiaste ski-fanaten. Skiteam Twente skiet op de banen van <a rel=\"noreferrer noopener\" href=\"http:\/\/www.skicentrummoser.nl\" target=\"_blank\">Skicentrum Moser<\/a> bij het Rutbeek in Enschede. Deze banen staan bekend als \u00e9\u00e9n van de mooiste en uitdagendste borstelbanen van Nederland.<\/p>\n\n\n\n<figure class=\"wp-block-image size-large is-resized\"><img loading=\"lazy\" decoding=\"async\" src=\"http:\/\/www.skiteamtwente.nl\/wp-content\/uploads\/2021\/01\/uitsnede_04.png\" alt=\"\" class=\"wp-image-92\" width=\"357\" height=\"342\" srcset=\"https:\/\/www.skiteamtwente.nl\/wp-content\/uploads\/2021\/01\/uitsnede_04.png 649w, https:\/\/www.skiteamtwente.nl\/wp-content\/uploads\/2021\/01\/uitsnede_04-300x288.png 300w, https:\/\/www.skiteamtwente.nl\/wp-content\/uploads\/2021\/01\/uitsnede_04-370x356.png 370w\" sizes=\"auto, (max-width: 357px) 100vw, 357px\" \/><\/figure>\n\n\n\n<p>De wedstrijdski\u00ebrs van Skiteam Twente bestaan uit enthousiaste wedstrijdski\u00ebrs, die meer uitdaging willen dan alleen het recreatieve ski\u00ebn. Daarom ligt bij Skiteam Twente de nadruk op <a href=\"https:\/\/www.skiteamtwente.nl\/?page_id=41\">wedstrijdtrainingen<\/a>, deelname aan wedstrijden, en organisatie van wedstrijden. De trainingen worden gegeven door professionele <a href=\"https:\/\/www.skiteamtwente.nl\/?page_id=300\">trainers<\/a>.<\/p>\n\n\n\n<figure class=\"wp-block-image size-large is-resized is-style-rounded\"><img loading=\"lazy\" decoding=\"async\" src=\"http:\/\/www.skiteamtwente.nl\/wp-content\/uploads\/2021\/02\/P1000850-1024x683.jpg\" alt=\"\" class=\"wp-image-283\" width=\"420\" height=\"279\" srcset=\"https:\/\/www.skiteamtwente.nl\/wp-content\/uploads\/2021\/02\/P1000850-1024x683.jpg 1024w, https:\/\/www.skiteamtwente.nl\/wp-content\/uploads\/2021\/02\/P1000850-300x200.jpg 300w, https:\/\/www.skiteamtwente.nl\/wp-content\/uploads\/2021\/02\/P1000850-768x512.jpg 768w, https:\/\/www.skiteamtwente.nl\/wp-content\/uploads\/2021\/02\/P1000850-1536x1024.jpg 1536w, https:\/\/www.skiteamtwente.nl\/wp-content\/uploads\/2021\/02\/P1000850-2048x1366.jpg 2048w, https:\/\/www.skiteamtwente.nl\/wp-content\/uploads\/2021\/02\/P1000850-370x247.jpg 370w, https:\/\/www.skiteamtwente.nl\/wp-content\/uploads\/2021\/02\/P1000850-760x507.jpg 760w\" sizes=\"auto, (max-width: 420px) 100vw, 420px\" \/><\/figure>\n\n\n\n<p>Ook proberen we elk jaar de met het Skiteam <a href=\"https:\/\/www.skiteamtwente.nl\/?page_id=280\">de echte sneeuw<\/a> op te zoeken.<\/p>\n\n\n\n<p>Ben je een beginnende ski\u00ebr, dan kan je bij <a href=\"https:\/\/skicentrummoser.nl\/\" target=\"_blank\" rel=\"noreferrer noopener\">Skicentrum Moser<\/a> terecht voor lessen. Zo kan je doorstromen naar het Skiteam van onze vereniging!<\/p>\n","protected":false},"excerpt":{"rendered":"<p>Skiteam Twente Is ski\u00ebn je passie, en wil je meer uitdaging? Ontdek of wedstrijdski\u00ebn iets voor jou is! Skiteam Twente is een vereniging met enthousiaste ski-fanaten. Skiteam Twente skiet op de banen van Skicentrum Moser bij het Rutbeek in Enschede. Deze banen staan bekend als \u00e9\u00e9n van de mooiste en uitdagendste borstelbanen van Nederland. De wedstrijdski\u00ebrs van Skiteam Twente bestaan&hellip;<\/p>\n","protected":false},"author":1,"featured_media":0,"parent":0,"menu_order":0,"comment_status":"closed","ping_status":"closed","template":"","meta":{"footnotes":""},"class_list":["post-153","page","type-page","status-publish","hentry"],"_links":{"self":[{"href":"https:\/\/www.skiteamtwente.nl\/index.php?rest_route=\/wp\/v2\/pages\/153","targetHints":{"allow":["GET"]}}],"collection":[{"href":"https:\/\/www.skiteamtwente.nl\/index.php?rest_route=\/wp\/v2\/pages"}],"about":[{"href":"https:\/\/www.skiteamtwente.nl\/index.php?rest_route=\/wp\/v2\/types\/page"}],"author":[{"embeddable":true,"href":"https:\/\/www.skiteamtwente.nl\/index.php?rest_route=\/wp\/v2\/users\/1"}],"replies":[{"embeddable":true,"href":"https:\/\/www.skiteamtwente.nl\/index.php?rest_route=%2Fwp%2Fv2%2Fcomments&post=153"}],"version-history":[{"count":16,"href":"https:\/\/www.skiteamtwente.nl\/index.php?rest_route=\/wp\/v2\/pages\/153\/revisions"}],"predecessor-version":[{"id":308,"href":"https:\/\/www.skiteamtwente.nl\/index.php?rest_route=\/wp\/v2\/pages\/153\/revisions\/308"}],"wp:attachment":[{"href":"https:\/\/www.skiteamtwente.nl\/index.php?rest_route=%2Fwp%2Fv2%2Fmedia&parent=153"}],"curies":[{"name":"wp","href":"https:\/\/api.w.org\/{rel}","templated":true}]}}